{"id":32144,"date":"2026-04-22T18:12:14","date_gmt":"2026-04-22T16:12:14","guid":{"rendered":"https:\/\/mairie-bessay-sur-allier.fr\/?page_id=32144"},"modified":"2026-04-22T19:56:46","modified_gmt":"2026-04-22T17:56:46","slug":"travaux-et-investissements","status":"publish","type":"page","link":"https:\/\/mairie-bessay-sur-allier.fr\/index.php\/travaux-et-investissements\/","title":{"rendered":"Travaux et investissements"},"content":{"rendered":"<p>[vc_row row_type=\u00a0\u00bbrow\u00a0\u00bb use_row_as_full_screen_section=\u00a0\u00bbno\u00a0\u00bb type=\u00a0\u00bbfull_width\u00a0\u00bb text_align=\u00a0\u00bbleft\u00a0\u00bb background_animation=\u00a0\u00bbnone\u00a0\u00bb css_animation=\u00a0\u00bb\u00a0\u00bb][vc_column][vc_column_text]<\/p>\n<h3>Travaux dans la commune<\/h3>\n<p>[\/vc_column_text][vc_empty_space][\/vc_column][vc_column width=\u00a0\u00bb1\/2&Prime;][vc_empty_space height=\u00a0\u00bb15px\u00a0\u00bb][vc_column_text]Depuis plusieurs semaines, des travaux importants ont lieu route de Neuilly et au niveau de Boutillon coordonn\u00e9s par le SDE 03 (Syndicat D\u00e9partemental d\u2019\u00e9nergie de\u00a0L\u2019Allier). Ces travaux consistent au renforcement du r\u00e9seau \u00e9lectrique basse tension de Boutillon afin d\u2019\u00e9viter les coupures de courant r\u00e9currentes lors d\u2019orages ou de vent. Dans le m\u00eame temps, il est proc\u00e9d\u00e9 \u00e0 l\u2019enfouissement de tous les r\u00e9seaux. La fin de ces travaux est programm\u00e9e pour fin avril.[\/vc_column_text][vc_empty_space][\/vc_column][vc_column width=\u00a0\u00bb1\/2&Prime;][vc_single_image image=\u00a0\u00bb32151&Prime; img_size=\u00a0\u00bbfull\u00a0\u00bb onclick=\u00a0\u00bblink_image\u00a0\u00bb qode_css_animation=\u00a0\u00bb\u00a0\u00bb][\/vc_column][\/vc_row][vc_row row_type=\u00a0\u00bbrow\u00a0\u00bb use_row_as_full_screen_section=\u00a0\u00bbno\u00a0\u00bb type=\u00a0\u00bbfull_width\u00a0\u00bb text_align=\u00a0\u00bbleft\u00a0\u00bb background_animation=\u00a0\u00bbnone\u00a0\u00bb css_animation=\u00a0\u00bb\u00a0\u00bb][vc_column][vc_empty_space][vc_column_text]<\/p>\n<h3>Divers investissements<\/h3>\n<p>[\/vc_column_text][vc_empty_space height=\u00a0\u00bb15px\u00a0\u00bb][vc_column_text]La commune s\u2019est dot\u00e9e d\u2019un robot de tonte en location qui permet d\u2019entretenir les 3 terrains de foot.[\/vc_column_text][vc_column_text]Pour la s\u00e9curit\u00e9 de tous, des feux intelligents (le feu passe au rouge si les automobilistes ne respectent pas la vitesse) ont \u00e9t\u00e9 install\u00e9s au niveau de l\u2019entr\u00e9e du stade ainsi qu\u2019un plateau routier vers la salle polyvalente.[\/vc_column_text][vc_empty_space height=\u00a0\u00bb15px\u00a0\u00bb][\/vc_column][vc_column width=\u00a0\u00bb1\/3&Prime;][vc_single_image image=\u00a0\u00bb32153&Prime; img_size=\u00a0\u00bbfull\u00a0\u00bb onclick=\u00a0\u00bblink_image\u00a0\u00bb qode_css_animation=\u00a0\u00bb\u00a0\u00bb][vc_empty_space height=\u00a0\u00bb15px\u00a0\u00bb][\/vc_column][vc_column width=\u00a0\u00bb1\/3&Prime;][vc_single_image image=\u00a0\u00bb32154&Prime; img_size=\u00a0\u00bbfull\u00a0\u00bb onclick=\u00a0\u00bblink_image\u00a0\u00bb qode_css_animation=\u00a0\u00bb\u00a0\u00bb][vc_empty_space height=\u00a0\u00bb15px\u00a0\u00bb][\/vc_column][vc_column width=\u00a0\u00bb1\/3&Prime;][vc_single_image image=\u00a0\u00bb32155&Prime; img_size=\u00a0\u00bbfull\u00a0\u00bb onclick=\u00a0\u00bblink_image\u00a0\u00bb qode_css_animation=\u00a0\u00bb\u00a0\u00bb][vc_empty_space height=\u00a0\u00bb15px\u00a0\u00bb][\/vc_column][\/vc_row][vc_row row_type=\u00a0\u00bbrow\u00a0\u00bb use_row_as_full_screen_section=\u00a0\u00bbno\u00a0\u00bb type=\u00a0\u00bbfull_width\u00a0\u00bb text_align=\u00a0\u00bbleft\u00a0\u00bb background_animation=\u00a0\u00bbnone\u00a0\u00bb css_animation=\u00a0\u00bb\u00a0\u00bb][vc_column width=\u00a0\u00bb1\/3&Prime;][vc_single_image image=\u00a0\u00bb32156&Prime; img_size=\u00a0\u00bbfull\u00a0\u00bb onclick=\u00a0\u00bblink_image\u00a0\u00bb qode_css_animation=\u00a0\u00bb\u00a0\u00bb][\/vc_column][vc_column width=\u00a0\u00bb1\/3&Prime;][vc_empty_space height=\u00a0\u00bb15px\u00a0\u00bb][vc_column_text]Deux nouveaux jeux ont \u00e9t\u00e9 install\u00e9s dans la cour de maternelle ainsi qu\u2019un plateau d\u2019\u00e9checs dans la cour \u00e9l\u00e9mentaire.[\/vc_column_text][\/vc_column][vc_column width=\u00a0\u00bb1\/3&Prime;][vc_single_image image=\u00a0\u00bb32157&Prime; img_size=\u00a0\u00bbfull\u00a0\u00bb onclick=\u00a0\u00bblink_image\u00a0\u00bb qode_css_animation=\u00a0\u00bb\u00a0\u00bb][\/vc_column][\/vc_row][vc_row row_type=\u00a0\u00bbrow\u00a0\u00bb use_row_as_full_screen_section=\u00a0\u00bbno\u00a0\u00bb type=\u00a0\u00bbfull_width\u00a0\u00bb text_align=\u00a0\u00bbleft\u00a0\u00bb background_animation=\u00a0\u00bbnone\u00a0\u00bb css_animation=\u00a0\u00bb\u00a0\u00bb][vc_column][vc_empty_space height=\u00a0\u00bb64px\u00a0\u00bb][\/vc_column][\/vc_row]<\/p>\n","protected":false},"excerpt":{"rendered":"<p>[vc_row row_type=\u00a0\u00bbrow\u00a0\u00bb use_row_as_full_screen_section=\u00a0\u00bbno\u00a0\u00bb type=\u00a0\u00bbfull_width\u00a0\u00bb text_align=\u00a0\u00bbleft\u00a0\u00bb background_animation=\u00a0\u00bbnone\u00a0\u00bb css_animation=\u00a0\u00bb\u00a0\u00bb][vc_column][vc_column_text] Travaux dans la&#8230;<\/p>\n","protected":false},"author":1,"featured_media":0,"parent":0,"menu_order":0,"comment_status":"closed","ping_status":"closed","template":"","meta":{"footnotes":""},"class_list":["post-32144","page","type-page","status-publish","hentry"],"yoast_head":"<!-- This site is optimized with the Yoast SEO plugin v18.4.1 - https:\/\/yoast.com\/wordpress\/plugins\/seo\/ -->\n<title>Travaux et investissements - Mairie Bessay sur Allier<\/title>\n<meta name=\"robots\" content=\"index, follow, max-snippet:-1, max-image-preview:large, max-video-preview:-1\" \/>\n<link rel=\"canonical\" href=\"https:\/\/mairie-bessay-sur-allier.fr\/index.php\/travaux-et-investissements\/\" \/>\n<meta property=\"og:locale\" content=\"fr_FR\" \/>\n<meta property=\"og:type\" content=\"article\" \/>\n<meta property=\"og:title\" content=\"Travaux et investissements - Mairie Bessay sur Allier\" \/>\n<meta property=\"og:description\" content=\"[vc_row row_type=\u00a0\u00bbrow\u00a0\u00bb use_row_as_full_screen_section=\u00a0\u00bbno\u00a0\u00bb type=\u00a0\u00bbfull_width\u00a0\u00bb text_align=\u00a0\u00bbleft\u00a0\u00bb background_animation=\u00a0\u00bbnone\u00a0\u00bb css_animation=\u00a0\u00bb\u00a0\u00bb][vc_column][vc_column_text] Travaux dans la...\" \/>\n<meta property=\"og:url\" content=\"https:\/\/mairie-bessay-sur-allier.fr\/index.php\/travaux-et-investissements\/\" \/>\n<meta property=\"og:site_name\" content=\"Mairie Bessay sur Allier\" \/>\n<meta property=\"article:modified_time\" content=\"2026-04-22T17:56:46+00:00\" \/>\n<meta name=\"twitter:card\" content=\"summary_large_image\" \/>\n<meta name=\"twitter:label1\" content=\"Dur\u00e9e de lecture estim\u00e9e\" \/>\n\t<meta name=\"twitter:data1\" content=\"2 minutes\" \/>\n<script type=\"application\/ld+json\" class=\"yoast-schema-graph\">{\"@context\":\"https:\/\/schema.org\",\"@graph\":[{\"@type\":\"WebSite\",\"@id\":\"https:\/\/mairie-bessay-sur-allier.fr\/#website\",\"url\":\"https:\/\/mairie-bessay-sur-allier.fr\/\",\"name\":\"Mairie Bessay sur Allier\",\"description\":\"Une Commune ou il fait bon Vivre\",\"potentialAction\":[{\"@type\":\"SearchAction\",\"target\":{\"@type\":\"EntryPoint\",\"urlTemplate\":\"https:\/\/mairie-bessay-sur-allier.fr\/?s={search_term_string}\"},\"query-input\":\"required name=search_term_string\"}],\"inLanguage\":\"fr-FR\"},{\"@type\":\"WebPage\",\"@id\":\"https:\/\/mairie-bessay-sur-allier.fr\/index.php\/travaux-et-investissements\/#webpage\",\"url\":\"https:\/\/mairie-bessay-sur-allier.fr\/index.php\/travaux-et-investissements\/\",\"name\":\"Travaux et investissements - Mairie Bessay sur Allier\",\"isPartOf\":{\"@id\":\"https:\/\/mairie-bessay-sur-allier.fr\/#website\"},\"datePublished\":\"2026-04-22T16:12:14+00:00\",\"dateModified\":\"2026-04-22T17:56:46+00:00\",\"breadcrumb\":{\"@id\":\"https:\/\/mairie-bessay-sur-allier.fr\/index.php\/travaux-et-investissements\/#breadcrumb\"},\"inLanguage\":\"fr-FR\",\"potentialAction\":[{\"@type\":\"ReadAction\",\"target\":[\"https:\/\/mairie-bessay-sur-allier.fr\/index.php\/travaux-et-investissements\/\"]}]},{\"@type\":\"BreadcrumbList\",\"@id\":\"https:\/\/mairie-bessay-sur-allier.fr\/index.php\/travaux-et-investissements\/#breadcrumb\",\"itemListElement\":[{\"@type\":\"ListItem\",\"position\":1,\"name\":\"Accueil\",\"item\":\"https:\/\/mairie-bessay-sur-allier.fr\/\"},{\"@type\":\"ListItem\",\"position\":2,\"name\":\"Travaux et investissements\"}]}]}<\/script>\n<!-- \/ Yoast SEO plugin. -->","yoast_head_json":{"title":"Travaux et investissements - Mairie Bessay sur Allier","robots":{"index":"index","follow":"follow","max-snippet":"max-snippet:-1","max-image-preview":"max-image-preview:large","max-video-preview":"max-video-preview:-1"},"canonical":"https:\/\/mairie-bessay-sur-allier.fr\/index.php\/travaux-et-investissements\/","og_locale":"fr_FR","og_type":"article","og_title":"Travaux et investissements - Mairie Bessay sur Allier","og_description":"[vc_row row_type=\u00a0\u00bbrow\u00a0\u00bb use_row_as_full_screen_section=\u00a0\u00bbno\u00a0\u00bb type=\u00a0\u00bbfull_width\u00a0\u00bb text_align=\u00a0\u00bbleft\u00a0\u00bb background_animation=\u00a0\u00bbnone\u00a0\u00bb css_animation=\u00a0\u00bb\u00a0\u00bb][vc_column][vc_column_text] Travaux dans la...","og_url":"https:\/\/mairie-bessay-sur-allier.fr\/index.php\/travaux-et-investissements\/","og_site_name":"Mairie Bessay sur Allier","article_modified_time":"2026-04-22T17:56:46+00:00","twitter_card":"summary_large_image","twitter_misc":{"Dur\u00e9e de lecture estim\u00e9e":"2 minutes"},"schema":{"@context":"https:\/\/schema.org","@graph":[{"@type":"WebSite","@id":"https:\/\/mairie-bessay-sur-allier.fr\/#website","url":"https:\/\/mairie-bessay-sur-allier.fr\/","name":"Mairie Bessay sur Allier","description":"Une Commune ou il fait bon Vivre","potentialAction":[{"@type":"SearchAction","target":{"@type":"EntryPoint","urlTemplate":"https:\/\/mairie-bessay-sur-allier.fr\/?s={search_term_string}"},"query-input":"required name=search_term_string"}],"inLanguage":"fr-FR"},{"@type":"WebPage","@id":"https:\/\/mairie-bessay-sur-allier.fr\/index.php\/travaux-et-investissements\/#webpage","url":"https:\/\/mairie-bessay-sur-allier.fr\/index.php\/travaux-et-investissements\/","name":"Travaux et investissements - Mairie Bessay sur Allier","isPartOf":{"@id":"https:\/\/mairie-bessay-sur-allier.fr\/#website"},"datePublished":"2026-04-22T16:12:14+00:00","dateModified":"2026-04-22T17:56:46+00:00","breadcrumb":{"@id":"https:\/\/mairie-bessay-sur-allier.fr\/index.php\/travaux-et-investissements\/#breadcrumb"},"inLanguage":"fr-FR","potentialAction":[{"@type":"ReadAction","target":["https:\/\/mairie-bessay-sur-allier.fr\/index.php\/travaux-et-investissements\/"]}]},{"@type":"BreadcrumbList","@id":"https:\/\/mairie-bessay-sur-allier.fr\/index.php\/travaux-et-investissements\/#breadcrumb","itemListElement":[{"@type":"ListItem","position":1,"name":"Accueil","item":"https:\/\/mairie-bessay-sur-allier.fr\/"},{"@type":"ListItem","position":2,"name":"Travaux et investissements"}]}]}},"_links":{"self":[{"href":"https:\/\/mairie-bessay-sur-allier.fr\/index.php\/wp-json\/wp\/v2\/pages\/32144"}],"collection":[{"href":"https:\/\/mairie-bessay-sur-allier.fr\/index.php\/wp-json\/wp\/v2\/pages"}],"about":[{"href":"https:\/\/mairie-bessay-sur-allier.fr\/index.php\/wp-json\/wp\/v2\/types\/page"}],"author":[{"embeddable":true,"href":"https:\/\/mairie-bessay-sur-allier.fr\/index.php\/wp-json\/wp\/v2\/users\/1"}],"replies":[{"embeddable":true,"href":"https:\/\/mairie-bessay-sur-allier.fr\/index.php\/wp-json\/wp\/v2\/comments?post=32144"}],"version-history":[{"count":8,"href":"https:\/\/mairie-bessay-sur-allier.fr\/index.php\/wp-json\/wp\/v2\/pages\/32144\/revisions"}],"predecessor-version":[{"id":32152,"href":"https:\/\/mairie-bessay-sur-allier.fr\/index.php\/wp-json\/wp\/v2\/pages\/32144\/revisions\/32152"}],"wp:attachment":[{"href":"https:\/\/mairie-bessay-sur-allier.fr\/index.php\/wp-json\/wp\/v2\/media?parent=32144"}],"curies":[{"name":"wp","href":"https:\/\/api.w.org\/{rel}","templated":true}]}}