{"id":19199,"date":"2014-06-03T13:00:26","date_gmt":"2014-06-03T13:00:26","guid":{"rendered":"http:\/\/demo.select-themes.com\/stockholm1\/?page_id=19199"},"modified":"2018-10-19T21:17:01","modified_gmt":"2018-10-19T19:17:01","slug":"demarches_et_infos","status":"publish","type":"page","link":"https:\/\/mairie-bessay-sur-allier.fr\/index.php\/demarches_et_infos\/","title":{"rendered":"D\u00e9marches et infos"},"content":{"rendered":"<p>[vc_row row_type=\u00a0\u00bbrow\u00a0\u00bb use_row_as_full_screen_section=\u00a0\u00bbno\u00a0\u00bb type=\u00a0\u00bbfull_width\u00a0\u00bb text_align=\u00a0\u00bbleft\u00a0\u00bb background_animation=\u00a0\u00bbnone\u00a0\u00bb padding_bottom=\u00a0\u00bb45&Prime; css_animation=\u00a0\u00bb\u00a0\u00bb][vc_column][vc_column_text]<\/p>\n<p style=\"text-align: left;\"><em><span style=\"color: #333333;\"><strong>Nous pr\u00e9cisons que pour effectuer vos d\u00e9marches, 2 possibilit\u00e9s vous sont offertes, la premi\u00e8re en vous rendant aupr\u00e8s de l&rsquo;administration concern\u00e9e, ou la seconde option (Web) en cliquant sur le lien pour t\u00e9l\u00e9charger le document ad\u00e9quat aupr\u00e8s de \u00ab\u00a0Service Public.fr\u00ab\u00a0, de l&rsquo;imprimer ou le renseigner puis l&rsquo;adresser \u00e0 l&rsquo;administration concern\u00e9e.<\/strong><\/span><\/em><\/p>\n<p>[\/vc_column_text][vc_separator type=\u00a0\u00bbtransparent\u00a0\u00bb border_style=\u00a0\u00bb\u00a0\u00bb up=\u00a0\u00bb20&Prime; down=\u00a0\u00bb0&Prime; icon_pack=\u00a0\u00bbfont_awesome\u00a0\u00bb][\/vc_column][vc_column width=\u00a0\u00bb1\/2&Prime;][vc_column_text]<span style=\"color: #993366;\">D\u00e9clarer une naissance<\/span><br \/>\nLivret de famille et certificat du praticien dans les 3 jours qui suivent la naissance &#8211; <strong><a href=\"https:\/\/www.service-public.fr\/particuliers\/vosdroits\/F961\" target=\"_blank\" rel=\"noopener\">Web<\/a><\/strong><\/p>\n<p>&nbsp;<\/p>\n<p><span style=\"color: #993366;\">Extrait acte de naissance<\/span><br \/>\nMairie du lieu de naissance &#8211; <strong><a href=\"https:\/\/www.service-public.fr\/particuliers\/vosdroits\/F1427\" target=\"_blank\" rel=\"noopener\">Web<\/a><\/strong><\/p>\n<p>&nbsp;<\/p>\n<p><span style=\"color: #993366;\">Carte nationale d&rsquo;identit\u00e9<\/span><br \/>\nMairies autoris\u00e9es &#8211; <strong><a href=\"https:\/\/www.service-public.fr\/particuliers\/vosdroits\/N358\" target=\"_blank\" rel=\"noopener\">Web<\/a><\/strong><\/p>\n<p>&nbsp;<\/p>\n<p><span style=\"color: #993366;\">Passeport<\/span><br \/>\nMairies autoris\u00e9es &#8211; <strong><a href=\"https:\/\/www.service-public.fr\/particuliers\/vosdroits\/N360\" target=\"_blank\" rel=\"noopener\">Web<\/a><\/strong><\/p>\n<p>&nbsp;<\/p>\n<p><span style=\"color: #993366;\">Autorisation de sortie de territoire<\/span><br \/>\nAcc\u00e8s\u00a0<strong><a href=\"https:\/\/www.service-public.fr\/particuliers\/vosdroits\/F1359\" target=\"_blank\" rel=\"noopener\">Web<\/a><\/strong><\/p>\n<p>&nbsp;<\/p>\n<p><span style=\"color: #993366;\">Extrait d&rsquo;acte de mariage<\/span><br \/>\nMairie du domicile &#8211; <strong><a href=\"https:\/\/www.service-public.fr\/particuliers\/vosdroits\/F1432\" target=\"_blank\" rel=\"noopener\">Web<\/a><\/strong><\/p>\n<p>&nbsp;<\/p>\n<p><span style=\"color: #993366;\">Certificat de vie<\/span><br \/>\nEn mairie avec livret de famille &#8211; <strong><a href=\"https:\/\/www.service-public.fr\/particuliers\/vosdroits\/F1433\" target=\"_blank\" rel=\"noopener\">Web<\/a><\/strong>[\/vc_column_text][\/vc_column][vc_column width=\u00a0\u00bb1\/2&Prime;][vc_column_text]<span style=\"color: #993366;\">Livret de famille<\/span><br \/>\nVoir en mairie &#8211; <strong><a href=\"https:\/\/www.service-public.fr\/particuliers\/vosdroits\/F18910\" target=\"_blank\" rel=\"noopener\">Web<\/a><\/strong><\/p>\n<p>&nbsp;<\/p>\n<p><span style=\"color: #993366;\">Extrait casier judiciaire<\/span><br \/>\nCasier Judiciaire central Nantes &#8211; <strong><a href=\"https:\/\/www.service-public.fr\/particuliers\/vosdroits\/F1420\" target=\"_blank\" rel=\"noopener\">Web<\/a><\/strong><\/p>\n<p>&nbsp;<\/p>\n<p><span style=\"color: #993366;\">Inscription sur les listes \u00e9lectorales, carte d&rsquo;\u00e9lecteur<\/span><br \/>\nCarte d&rsquo;identit\u00e9 et justificatif de domicile &#8211; <strong><a href=\"https:\/\/www.service-public.fr\/particuliers\/vosdroits\/F1367\" target=\"_blank\" rel=\"noopener\">Web<\/a><\/strong><\/p>\n<p>&nbsp;<\/p>\n<p><span style=\"color: #993366;\">D\u00e9claration, extrait de d\u00e9c\u00e8s<\/span><br \/>\nMairie du lieu de d\u00e9c\u00e8s &#8211; <strong><a href=\"https:\/\/www.service-public.fr\/particuliers\/vosdroits\/F909\" target=\"_blank\" rel=\"noopener\">Web<\/a><\/strong><\/p>\n<p>&nbsp;<\/p>\n<p><span style=\"color: #993366;\">Certificat de nationalit\u00e9<\/span><br \/>\nGreffe du tribunal &#8211; <a href=\"https:\/\/www.service-public.fr\/particuliers\/vosdroits\/F1051\" target=\"_blank\" rel=\"noopener\"><strong>Web<\/strong><\/a><\/p>\n<p>&nbsp;<\/p>\n<p><span style=\"color: #993366;\">Copie conforme<\/span><br \/>\nMairie du domicile &#8211; <strong><a href=\"https:\/\/www.service-public.fr\/particuliers\/vosdroits\/N365\" target=\"_blank\" rel=\"noopener\">Web<\/a><\/strong><\/p>\n<p>&nbsp;<\/p>\n<p><span style=\"color: #993366;\">Authentifier une signature<\/span><br \/>\nEn mairie avec Carte d&rsquo;identit\u00e9 &#8211; <a href=\"https:\/\/www.service-public.fr\/particuliers\/vosdroits\/F1411\" target=\"_blank\" rel=\"noopener\"><strong>Web<\/strong><\/a>[\/vc_column_text][\/vc_column][\/vc_row][vc_row row_type=\u00a0\u00bbrow\u00a0\u00bb use_row_as_full_screen_section=\u00a0\u00bbno\u00a0\u00bb type=\u00a0\u00bbfull_width\u00a0\u00bb text_align=\u00a0\u00bbleft\u00a0\u00bb background_animation=\u00a0\u00bbnone\u00a0\u00bb css_animation=\u00a0\u00bb\u00a0\u00bb][vc_column][vc_empty_space][vc_single_image image=\u00a0\u00bb22166&Prime; img_size=\u00a0\u00bbfull\u00a0\u00bb alignment=\u00a0\u00bbcenter\u00a0\u00bb qode_css_animation=\u00a0\u00bb\u00a0\u00bb][vc_empty_space][vc_column_text]<\/p>\n<h3>Etat civil<\/h3>\n<p>[\/vc_column_text][vc_empty_space][vc_accordion style=\u00a0\u00bbaccordion\u00a0\u00bb][vc_accordion_tab title=\u00a0\u00bbLes Naissances\u00a0\u00bb][vc_column_text]Rubrique en cours d&rsquo;int\u00e9gration[\/vc_column_text][\/vc_accordion_tab][vc_accordion_tab title=\u00a0\u00bbLes Mariages\u00a0\u00bb][vc_column_text]Rubrique en cours d&rsquo;int\u00e9gration[\/vc_column_text][\/vc_accordion_tab][vc_accordion_tab title=\u00a0\u00bbIls nous ont quitt\u00e9\u00a0\u00bb][vc_column_text]Rubrique en cours d&rsquo;int\u00e9gration[\/vc_column_text][\/vc_accordion_tab][\/vc_accordion][vc_empty_space][\/vc_column][\/vc_row]<\/p>\n","protected":false},"excerpt":{"rendered":"<p>[vc_row row_type=\u00a0\u00bbrow\u00a0\u00bb use_row_as_full_screen_section=\u00a0\u00bbno\u00a0\u00bb type=\u00a0\u00bbfull_width\u00a0\u00bb text_align=\u00a0\u00bbleft\u00a0\u00bb background_animation=\u00a0\u00bbnone\u00a0\u00bb padding_bottom=\u00a0\u00bb45&Prime; css_animation=\u00a0\u00bb\u00a0\u00bb][vc_column][vc_column_text] Nous pr\u00e9cisons&#8230;<\/p>\n","protected":false},"author":1,"featured_media":0,"parent":0,"menu_order":0,"comment_status":"open","ping_status":"open","template":"","meta":{"footnotes":""},"class_list":["post-19199","page","type-page","status-publish","hentry"],"yoast_head":"<!-- This site is optimized with the Yoast SEO plugin v18.4.1 - https:\/\/yoast.com\/wordpress\/plugins\/seo\/ -->\n<title>D\u00e9marches et infos - Mairie Bessay sur Allier<\/title>\n<meta name=\"robots\" content=\"index, follow, max-snippet:-1, max-image-preview:large, max-video-preview:-1\" \/>\n<link rel=\"canonical\" href=\"https:\/\/mairie-bessay-sur-allier.fr\/index.php\/demarches_et_infos\/\" \/>\n<meta property=\"og:locale\" content=\"fr_FR\" \/>\n<meta property=\"og:type\" content=\"article\" \/>\n<meta property=\"og:title\" content=\"D\u00e9marches et infos - Mairie Bessay sur Allier\" \/>\n<meta property=\"og:description\" content=\"[vc_row row_type=\u00a0\u00bbrow\u00a0\u00bb use_row_as_full_screen_section=\u00a0\u00bbno\u00a0\u00bb type=\u00a0\u00bbfull_width\u00a0\u00bb text_align=\u00a0\u00bbleft\u00a0\u00bb background_animation=\u00a0\u00bbnone\u00a0\u00bb padding_bottom=\u00a0\u00bb45&Prime; css_animation=\u00a0\u00bb\u00a0\u00bb][vc_column][vc_column_text] Nous pr\u00e9cisons...\" \/>\n<meta property=\"og:url\" content=\"https:\/\/mairie-bessay-sur-allier.fr\/index.php\/demarches_et_infos\/\" \/>\n<meta property=\"og:site_name\" content=\"Mairie Bessay sur Allier\" \/>\n<meta property=\"article:modified_time\" content=\"2018-10-19T19:17:01+00:00\" \/>\n<meta name=\"twitter:card\" content=\"summary_large_image\" \/>\n<meta name=\"twitter:label1\" content=\"Dur\u00e9e de lecture estim\u00e9e\" \/>\n\t<meta name=\"twitter:data1\" content=\"2 minutes\" \/>\n<script type=\"application\/ld+json\" class=\"yoast-schema-graph\">{\"@context\":\"https:\/\/schema.org\",\"@graph\":[{\"@type\":\"WebSite\",\"@id\":\"https:\/\/mairie-bessay-sur-allier.fr\/#website\",\"url\":\"https:\/\/mairie-bessay-sur-allier.fr\/\",\"name\":\"Mairie Bessay sur Allier\",\"description\":\"Une Commune ou il fait bon Vivre\",\"potentialAction\":[{\"@type\":\"SearchAction\",\"target\":{\"@type\":\"EntryPoint\",\"urlTemplate\":\"https:\/\/mairie-bessay-sur-allier.fr\/?s={search_term_string}\"},\"query-input\":\"required name=search_term_string\"}],\"inLanguage\":\"fr-FR\"},{\"@type\":\"WebPage\",\"@id\":\"https:\/\/mairie-bessay-sur-allier.fr\/index.php\/demarches_et_infos\/#webpage\",\"url\":\"https:\/\/mairie-bessay-sur-allier.fr\/index.php\/demarches_et_infos\/\",\"name\":\"D\u00e9marches et infos - Mairie Bessay sur Allier\",\"isPartOf\":{\"@id\":\"https:\/\/mairie-bessay-sur-allier.fr\/#website\"},\"datePublished\":\"2014-06-03T13:00:26+00:00\",\"dateModified\":\"2018-10-19T19:17:01+00:00\",\"breadcrumb\":{\"@id\":\"https:\/\/mairie-bessay-sur-allier.fr\/index.php\/demarches_et_infos\/#breadcrumb\"},\"inLanguage\":\"fr-FR\",\"potentialAction\":[{\"@type\":\"ReadAction\",\"target\":[\"https:\/\/mairie-bessay-sur-allier.fr\/index.php\/demarches_et_infos\/\"]}]},{\"@type\":\"BreadcrumbList\",\"@id\":\"https:\/\/mairie-bessay-sur-allier.fr\/index.php\/demarches_et_infos\/#breadcrumb\",\"itemListElement\":[{\"@type\":\"ListItem\",\"position\":1,\"name\":\"Accueil\",\"item\":\"https:\/\/mairie-bessay-sur-allier.fr\/\"},{\"@type\":\"ListItem\",\"position\":2,\"name\":\"D\u00e9marches et infos\"}]}]}<\/script>\n<!-- \/ Yoast SEO plugin. -->","yoast_head_json":{"title":"D\u00e9marches et infos - Mairie Bessay sur Allier","robots":{"index":"index","follow":"follow","max-snippet":"max-snippet:-1","max-image-preview":"max-image-preview:large","max-video-preview":"max-video-preview:-1"},"canonical":"https:\/\/mairie-bessay-sur-allier.fr\/index.php\/demarches_et_infos\/","og_locale":"fr_FR","og_type":"article","og_title":"D\u00e9marches et infos - Mairie Bessay sur Allier","og_description":"[vc_row row_type=\u00a0\u00bbrow\u00a0\u00bb use_row_as_full_screen_section=\u00a0\u00bbno\u00a0\u00bb type=\u00a0\u00bbfull_width\u00a0\u00bb text_align=\u00a0\u00bbleft\u00a0\u00bb background_animation=\u00a0\u00bbnone\u00a0\u00bb padding_bottom=\u00a0\u00bb45&Prime; css_animation=\u00a0\u00bb\u00a0\u00bb][vc_column][vc_column_text] Nous pr\u00e9cisons...","og_url":"https:\/\/mairie-bessay-sur-allier.fr\/index.php\/demarches_et_infos\/","og_site_name":"Mairie Bessay sur Allier","article_modified_time":"2018-10-19T19:17:01+00:00","twitter_card":"summary_large_image","twitter_misc":{"Dur\u00e9e de lecture estim\u00e9e":"2 minutes"},"schema":{"@context":"https:\/\/schema.org","@graph":[{"@type":"WebSite","@id":"https:\/\/mairie-bessay-sur-allier.fr\/#website","url":"https:\/\/mairie-bessay-sur-allier.fr\/","name":"Mairie Bessay sur Allier","description":"Une Commune ou il fait bon Vivre","potentialAction":[{"@type":"SearchAction","target":{"@type":"EntryPoint","urlTemplate":"https:\/\/mairie-bessay-sur-allier.fr\/?s={search_term_string}"},"query-input":"required name=search_term_string"}],"inLanguage":"fr-FR"},{"@type":"WebPage","@id":"https:\/\/mairie-bessay-sur-allier.fr\/index.php\/demarches_et_infos\/#webpage","url":"https:\/\/mairie-bessay-sur-allier.fr\/index.php\/demarches_et_infos\/","name":"D\u00e9marches et infos - Mairie Bessay sur Allier","isPartOf":{"@id":"https:\/\/mairie-bessay-sur-allier.fr\/#website"},"datePublished":"2014-06-03T13:00:26+00:00","dateModified":"2018-10-19T19:17:01+00:00","breadcrumb":{"@id":"https:\/\/mairie-bessay-sur-allier.fr\/index.php\/demarches_et_infos\/#breadcrumb"},"inLanguage":"fr-FR","potentialAction":[{"@type":"ReadAction","target":["https:\/\/mairie-bessay-sur-allier.fr\/index.php\/demarches_et_infos\/"]}]},{"@type":"BreadcrumbList","@id":"https:\/\/mairie-bessay-sur-allier.fr\/index.php\/demarches_et_infos\/#breadcrumb","itemListElement":[{"@type":"ListItem","position":1,"name":"Accueil","item":"https:\/\/mairie-bessay-sur-allier.fr\/"},{"@type":"ListItem","position":2,"name":"D\u00e9marches et infos"}]}]}},"_links":{"self":[{"href":"https:\/\/mairie-bessay-sur-allier.fr\/index.php\/wp-json\/wp\/v2\/pages\/19199"}],"collection":[{"href":"https:\/\/mairie-bessay-sur-allier.fr\/index.php\/wp-json\/wp\/v2\/pages"}],"about":[{"href":"https:\/\/mairie-bessay-sur-allier.fr\/index.php\/wp-json\/wp\/v2\/types\/page"}],"author":[{"embeddable":true,"href":"https:\/\/mairie-bessay-sur-allier.fr\/index.php\/wp-json\/wp\/v2\/users\/1"}],"replies":[{"embeddable":true,"href":"https:\/\/mairie-bessay-sur-allier.fr\/index.php\/wp-json\/wp\/v2\/comments?post=19199"}],"version-history":[{"count":27,"href":"https:\/\/mairie-bessay-sur-allier.fr\/index.php\/wp-json\/wp\/v2\/pages\/19199\/revisions"}],"predecessor-version":[{"id":22156,"href":"https:\/\/mairie-bessay-sur-allier.fr\/index.php\/wp-json\/wp\/v2\/pages\/19199\/revisions\/22156"}],"wp:attachment":[{"href":"https:\/\/mairie-bessay-sur-allier.fr\/index.php\/wp-json\/wp\/v2\/media?parent=19199"}],"curies":[{"name":"wp","href":"https:\/\/api.w.org\/{rel}","templated":true}]}}