{"id":18859,"date":"2014-06-02T09:22:38","date_gmt":"2014-06-02T09:22:38","guid":{"rendered":"http:\/\/demo.select-themes.com\/stockholm1\/?page_id=18859"},"modified":"2021-03-15T12:38:19","modified_gmt":"2021-03-15T11:38:19","slug":"infos_legales","status":"publish","type":"page","link":"https:\/\/mairie-bessay-sur-allier.fr\/index.php\/infos_legales\/","title":{"rendered":"Infos l\u00e9gales RGPD Cookies"},"content":{"rendered":"<p>[vc_row row_type=\u00a0\u00bbrow\u00a0\u00bb use_row_as_full_screen_section=\u00a0\u00bbno\u00a0\u00bb type=\u00a0\u00bbgrid\u00a0\u00bb text_align=\u00a0\u00bbleft\u00a0\u00bb background_animation=\u00a0\u00bbnone\u00a0\u00bb css_animation=\u00a0\u00bb\u00a0\u00bb][vc_column][vc_empty_space height=\u00a0\u00bb60px\u00a0\u00bb][vc_column_text]<\/p>\n<h5><span style=\"color: #339966;\">Mentions l\u00e9gales<\/span><\/h5>\n<p>&nbsp;<\/p>\n<p><strong><span style=\"color: #333333;\">Responsable de la publication<\/span><\/strong><br \/>\nMairie de Bessay sur Allier<\/p>\n<p>SIREN : 210\u00a0300\u00a0257<\/p>\n<p>Route de Lyon<br \/>\n03230 Bessay sur Allier<\/p>\n<p>Tel. 04 70 43 00 49<\/p>\n<p>eMail: mairiebessay03@wanadoo.fr<\/p>\n<p>&nbsp;<\/p>\n<p><strong><span style=\"color: #333333;\">Conception<\/span><\/strong><\/p>\n<p>WebDesignPro Consultant en Communication &amp; Cr\u00e9ation Conception Web<\/p>\n<p>&nbsp;<\/p>\n<p><strong><span style=\"color: #333333;\">H\u00e9bergement du site<\/span><\/strong><\/p>\n<p>Soci\u00e9t\u00e9 :\u00a0\u00a0 SAS OVH<\/p>\n<p>Adresse :\u00a0 2 Rue Kellermann &#8211; 59100 Roubaix &#8211; France<\/p>\n<p>T\u00e9l. :\u00a0 08 99 49 87 65<\/p>\n<p>&nbsp;<\/p>\n<h5><span style=\"color: #339966;\">Droits d&rsquo;auteur &#8211; Copyright<\/span><\/h5>\n<p>Le site Internet de la Mairie de Bessay sur Allier NE COLLECTE AUCUNE DONN\u00c9E, de m\u00eame, aucun commentaire n\u2019est activ\u00e9 pour l\u2019ensemble des pages de ce site.<\/p>\n<p>La Mairie de Bessay sur Allier vous informe que l&rsquo;int\u00e9gralit\u00e9 du contenu de ce site internet b\u00e9n\u00e9ficie de la protection de la loi fran\u00e7aise n\u00b0 78-17 du 06 janvier 1978 dite \u00ab\u00a0Loi Informatique et Libert\u00e9s\u00a0\u00bb.<\/p>\n<p>En cons\u00e9quence et en application de la loi du 11 mars 1957 (art. 41) et du code de la propri\u00e9t\u00e9 intellectuelle, toute reproduction partielle ou totale d&rsquo;un de ces \u00e9l\u00e9ments sans l&rsquo;autorisation explicite d&rsquo;une personne autoris\u00e9e repr\u00e9sentant\u00a0 \u00ab\u00a0Bessay sur Allier\u00a0\u00bb \u00a0est interdite et constitue un d\u00e9lit de contrefa\u00e7on passible de poursuites.<\/p>\n<p>&nbsp;<\/p>\n<h5><span style=\"color: #339966;\">Gestion des Cookies<\/span><\/h5>\n<p>WordPress ajoute automatiquement des cookies pour g\u00e9rer la connexion des administrateurs et l\u2019\u00e9dition de pages (ces deux-l\u00e0 sont indispensables).<\/p>\n<p>Dans les deux cas, ce sont des cookies n\u00e9cessaires au bon fonctionnement du site et qui ne sont pas soumis \u00e0 la RGPD.<\/p>\n<p>Sur ce site AUCUN COOKIE, Mais comme nous devons INFORMER l\u2019ensemble des Internautes avec la mise en place d\u2019une ALERTE, cette derni\u00e8re utilisera un Cookie qui n\u2019est pas soumis \u00e0 la RGPD.<\/p>\n<p>&nbsp;<\/p>\n<h5><span style=\"color: #339966;\">Information sur vos droits<\/span><\/h5>\n<p>Pour tout savoir sur les cookies, vos traces, vos droits, vous pouvez consulter la section d\u00e9di\u00e9e sur le site de la CNIL.<\/p>\n<p>&nbsp;<\/p>\n<h5><span style=\"color: #339966;\">Donn\u00e9es personnelles de l\u2019utilisateur<\/span><\/h5>\n<p>L&rsquo;acc\u00e8s \u00e0 certains contenus de site internet suppose que l&rsquo;utilisateur nous transmette des donn\u00e9es personnelles le concernant.<\/p>\n<p>L&rsquo;utilisateur est donc inform\u00e9 que lors de ses visites sur un site internet, un cookie peut \u00eatre implant\u00e9 dans son ordinateur. Un cookie ne permet pas d&rsquo;identifier l&rsquo;utilisateur.<\/p>\n<p>&nbsp;<\/p>\n<h5><span style=\"color: #339966;\">Contr\u00f4ler et g\u00e9rer les pr\u00e9f\u00e9rences<\/span><\/h5>\n<p>L&rsquo;utilisateur peut s&rsquo;opposer \u00e0 et g\u00e9rer ses pr\u00e9f\u00e9rences, en configurant son ordinateur de la mani\u00e8re suivante :<\/p>\n<ul>\n<li><a style=\"color: #333333;\" href=\"https:\/\/support.google.com\/accounts\/answer\/61416?hl=fr\" target=\"_blank\" rel=\"noopener noreferrer\">Google Chrome<\/a><\/li>\n<li><a style=\"color: #333333;\" href=\"https:\/\/support.mozilla.org\/fr\/kb\/activer-desactiver-cookies\" target=\"_blank\" rel=\"noopener noreferrer\">Mozilla Firefox<\/a><\/li>\n<li><a style=\"color: #333333;\" href=\"http:\/\/windows.microsoft.com\/fr-fr\/windows7\/block-enable-or-allow-cookies\" target=\"_blank\" rel=\"noopener noreferrer\">Internet explorer<\/a><\/li>\n<li><a style=\"color: #333333;\" href=\"http:\/\/support.apple.com\/kb\/HT1677?viewlocale=fr_FR&amp;locale=fr_FR\" target=\"_blank\" rel=\"noopener noreferrer\">Apple Safari<\/a><\/li>\n<li><a style=\"color: #333333;\" href=\"http:\/\/help.opera.com\/Windows\/9.20\/fr\/cookies.html\" target=\"_blank\" rel=\"noopener noreferrer\">Op\u00e9ra<\/a><\/li>\n<\/ul>\n<p>Information concernant les r\u00e9seaux sociaux et plus<br \/>\nVous pouvez consulter les conditions de confidentialit\u00e9 de chacun de ces sites aux adresses suivantes :<\/p>\n<p>Facebook : <a style=\"color: #333333;\" href=\"https:\/\/www.facebook.com\/about\/privacy\/\" target=\"_blank\" rel=\"noopener noreferrer\">https:\/\/www.facebook.com\/about\/privacy\/<\/a><\/p>\n<p>YouTube et Google + : <a style=\"color: #333333;\" href=\"https:\/\/www.google.fr\/intl\/fr\/policies\/privacy\/\" target=\"_blank\" rel=\"noopener noreferrer\">https:\/\/www.google.fr\/intl\/fr\/policies\/privacy\/<\/a><\/p>\n<p>LinkedIn : <a style=\"color: #333333;\" href=\"https:\/\/www.linkedin.com\/legal\/privacy-policy\" target=\"_blank\" rel=\"noopener noreferrer\">https:\/\/www.linkedin.com\/legal\/privacy-policy<\/a><\/p>\n<p>Nous utilisons des outils statistiques, pour connaitre la fr\u00e9quentation du site Internet.<\/p>\n<p>&nbsp;<\/p>\n<h5><span style=\"color: #339966;\">Information visible en bas des pages du site Web.\u00a0<\/span><\/h5>\n<p>Vous avez la possibilit\u00e9 d\u2019accepter ou de refuser les cookies depuis notre site en exprimant votre choix \u00e0 l\u2019aide du bandeau qui appara\u00eet en bas de votre \u00e9cran.[\/vc_column_text][vc_empty_space height=\u00a0\u00bb60px\u00a0\u00bb][\/vc_column][\/vc_row]<\/p>\n","protected":false},"excerpt":{"rendered":"<p>[vc_row row_type=\u00a0\u00bbrow\u00a0\u00bb use_row_as_full_screen_section=\u00a0\u00bbno\u00a0\u00bb type=\u00a0\u00bbgrid\u00a0\u00bb text_align=\u00a0\u00bbleft\u00a0\u00bb background_animation=\u00a0\u00bbnone\u00a0\u00bb css_animation=\u00a0\u00bb\u00a0\u00bb][vc_column][vc_empty_space height=\u00a0\u00bb60px\u00a0\u00bb][vc_column_text] Mentions l\u00e9gales&#8230;<\/p>\n","protected":false},"author":1,"featured_media":0,"parent":0,"menu_order":0,"comment_status":"open","ping_status":"open","template":"full_width.php","meta":{"footnotes":""},"class_list":["post-18859","page","type-page","status-publish","hentry"],"yoast_head":"<!-- This site is optimized with the Yoast SEO plugin v18.4.1 - https:\/\/yoast.com\/wordpress\/plugins\/seo\/ -->\n<title>Infos l\u00e9gales RGPD Cookies - Mairie Bessay sur Allier<\/title>\n<meta name=\"robots\" content=\"index, follow, max-snippet:-1, max-image-preview:large, max-video-preview:-1\" \/>\n<link rel=\"canonical\" href=\"https:\/\/mairie-bessay-sur-allier.fr\/index.php\/infos_legales\/\" \/>\n<meta property=\"og:locale\" content=\"fr_FR\" \/>\n<meta property=\"og:type\" content=\"article\" \/>\n<meta property=\"og:title\" content=\"Infos l\u00e9gales RGPD Cookies - Mairie Bessay sur Allier\" \/>\n<meta property=\"og:description\" content=\"[vc_row row_type=\u00a0\u00bbrow\u00a0\u00bb use_row_as_full_screen_section=\u00a0\u00bbno\u00a0\u00bb type=\u00a0\u00bbgrid\u00a0\u00bb text_align=\u00a0\u00bbleft\u00a0\u00bb background_animation=\u00a0\u00bbnone\u00a0\u00bb css_animation=\u00a0\u00bb\u00a0\u00bb][vc_column][vc_empty_space height=\u00a0\u00bb60px\u00a0\u00bb][vc_column_text] Mentions l\u00e9gales...\" \/>\n<meta property=\"og:url\" content=\"https:\/\/mairie-bessay-sur-allier.fr\/index.php\/infos_legales\/\" \/>\n<meta property=\"og:site_name\" content=\"Mairie Bessay sur Allier\" \/>\n<meta property=\"article:modified_time\" content=\"2021-03-15T11:38:19+00:00\" \/>\n<meta name=\"twitter:card\" content=\"summary_large_image\" \/>\n<meta name=\"twitter:label1\" content=\"Dur\u00e9e de lecture estim\u00e9e\" \/>\n\t<meta name=\"twitter:data1\" content=\"3 minutes\" \/>\n<script type=\"application\/ld+json\" class=\"yoast-schema-graph\">{\"@context\":\"https:\/\/schema.org\",\"@graph\":[{\"@type\":\"WebSite\",\"@id\":\"https:\/\/mairie-bessay-sur-allier.fr\/#website\",\"url\":\"https:\/\/mairie-bessay-sur-allier.fr\/\",\"name\":\"Mairie Bessay sur Allier\",\"description\":\"Une Commune ou il fait bon Vivre\",\"potentialAction\":[{\"@type\":\"SearchAction\",\"target\":{\"@type\":\"EntryPoint\",\"urlTemplate\":\"https:\/\/mairie-bessay-sur-allier.fr\/?s={search_term_string}\"},\"query-input\":\"required name=search_term_string\"}],\"inLanguage\":\"fr-FR\"},{\"@type\":\"WebPage\",\"@id\":\"https:\/\/mairie-bessay-sur-allier.fr\/index.php\/infos_legales\/#webpage\",\"url\":\"https:\/\/mairie-bessay-sur-allier.fr\/index.php\/infos_legales\/\",\"name\":\"Infos l\u00e9gales RGPD Cookies - Mairie Bessay sur Allier\",\"isPartOf\":{\"@id\":\"https:\/\/mairie-bessay-sur-allier.fr\/#website\"},\"datePublished\":\"2014-06-02T09:22:38+00:00\",\"dateModified\":\"2021-03-15T11:38:19+00:00\",\"breadcrumb\":{\"@id\":\"https:\/\/mairie-bessay-sur-allier.fr\/index.php\/infos_legales\/#breadcrumb\"},\"inLanguage\":\"fr-FR\",\"potentialAction\":[{\"@type\":\"ReadAction\",\"target\":[\"https:\/\/mairie-bessay-sur-allier.fr\/index.php\/infos_legales\/\"]}]},{\"@type\":\"BreadcrumbList\",\"@id\":\"https:\/\/mairie-bessay-sur-allier.fr\/index.php\/infos_legales\/#breadcrumb\",\"itemListElement\":[{\"@type\":\"ListItem\",\"position\":1,\"name\":\"Accueil\",\"item\":\"https:\/\/mairie-bessay-sur-allier.fr\/\"},{\"@type\":\"ListItem\",\"position\":2,\"name\":\"Infos l\u00e9gales RGPD Cookies\"}]}]}<\/script>\n<!-- \/ Yoast SEO plugin. -->","yoast_head_json":{"title":"Infos l\u00e9gales RGPD Cookies - Mairie Bessay sur Allier","robots":{"index":"index","follow":"follow","max-snippet":"max-snippet:-1","max-image-preview":"max-image-preview:large","max-video-preview":"max-video-preview:-1"},"canonical":"https:\/\/mairie-bessay-sur-allier.fr\/index.php\/infos_legales\/","og_locale":"fr_FR","og_type":"article","og_title":"Infos l\u00e9gales RGPD Cookies - Mairie Bessay sur Allier","og_description":"[vc_row row_type=\u00a0\u00bbrow\u00a0\u00bb use_row_as_full_screen_section=\u00a0\u00bbno\u00a0\u00bb type=\u00a0\u00bbgrid\u00a0\u00bb text_align=\u00a0\u00bbleft\u00a0\u00bb background_animation=\u00a0\u00bbnone\u00a0\u00bb css_animation=\u00a0\u00bb\u00a0\u00bb][vc_column][vc_empty_space height=\u00a0\u00bb60px\u00a0\u00bb][vc_column_text] Mentions l\u00e9gales...","og_url":"https:\/\/mairie-bessay-sur-allier.fr\/index.php\/infos_legales\/","og_site_name":"Mairie Bessay sur Allier","article_modified_time":"2021-03-15T11:38:19+00:00","twitter_card":"summary_large_image","twitter_misc":{"Dur\u00e9e de lecture estim\u00e9e":"3 minutes"},"schema":{"@context":"https:\/\/schema.org","@graph":[{"@type":"WebSite","@id":"https:\/\/mairie-bessay-sur-allier.fr\/#website","url":"https:\/\/mairie-bessay-sur-allier.fr\/","name":"Mairie Bessay sur Allier","description":"Une Commune ou il fait bon Vivre","potentialAction":[{"@type":"SearchAction","target":{"@type":"EntryPoint","urlTemplate":"https:\/\/mairie-bessay-sur-allier.fr\/?s={search_term_string}"},"query-input":"required name=search_term_string"}],"inLanguage":"fr-FR"},{"@type":"WebPage","@id":"https:\/\/mairie-bessay-sur-allier.fr\/index.php\/infos_legales\/#webpage","url":"https:\/\/mairie-bessay-sur-allier.fr\/index.php\/infos_legales\/","name":"Infos l\u00e9gales RGPD Cookies - Mairie Bessay sur Allier","isPartOf":{"@id":"https:\/\/mairie-bessay-sur-allier.fr\/#website"},"datePublished":"2014-06-02T09:22:38+00:00","dateModified":"2021-03-15T11:38:19+00:00","breadcrumb":{"@id":"https:\/\/mairie-bessay-sur-allier.fr\/index.php\/infos_legales\/#breadcrumb"},"inLanguage":"fr-FR","potentialAction":[{"@type":"ReadAction","target":["https:\/\/mairie-bessay-sur-allier.fr\/index.php\/infos_legales\/"]}]},{"@type":"BreadcrumbList","@id":"https:\/\/mairie-bessay-sur-allier.fr\/index.php\/infos_legales\/#breadcrumb","itemListElement":[{"@type":"ListItem","position":1,"name":"Accueil","item":"https:\/\/mairie-bessay-sur-allier.fr\/"},{"@type":"ListItem","position":2,"name":"Infos l\u00e9gales RGPD Cookies"}]}]}},"_links":{"self":[{"href":"https:\/\/mairie-bessay-sur-allier.fr\/index.php\/wp-json\/wp\/v2\/pages\/18859"}],"collection":[{"href":"https:\/\/mairie-bessay-sur-allier.fr\/index.php\/wp-json\/wp\/v2\/pages"}],"about":[{"href":"https:\/\/mairie-bessay-sur-allier.fr\/index.php\/wp-json\/wp\/v2\/types\/page"}],"author":[{"embeddable":true,"href":"https:\/\/mairie-bessay-sur-allier.fr\/index.php\/wp-json\/wp\/v2\/users\/1"}],"replies":[{"embeddable":true,"href":"https:\/\/mairie-bessay-sur-allier.fr\/index.php\/wp-json\/wp\/v2\/comments?post=18859"}],"version-history":[{"count":22,"href":"https:\/\/mairie-bessay-sur-allier.fr\/index.php\/wp-json\/wp\/v2\/pages\/18859\/revisions"}],"predecessor-version":[{"id":24844,"href":"https:\/\/mairie-bessay-sur-allier.fr\/index.php\/wp-json\/wp\/v2\/pages\/18859\/revisions\/24844"}],"wp:attachment":[{"href":"https:\/\/mairie-bessay-sur-allier.fr\/index.php\/wp-json\/wp\/v2\/media?parent=18859"}],"curies":[{"name":"wp","href":"https:\/\/api.w.org\/{rel}","templated":true}]}}